{"id":4866,"date":"2018-09-06T06:16:33","date_gmt":"2018-09-06T08:16:33","guid":{"rendered":"https:\/\/datos.azuolynobiblioteka.lt\/apie-zinyna\/"},"modified":"2024-03-13T07:46:46","modified_gmt":"2024-03-13T09:46:46","slug":"ueber-die-datenbank","status":"publish","type":"page","link":"https:\/\/datos.azuolynobiblioteka.lt\/de\/ueber-die-datenbank\/","title":{"rendered":"\u00dcber die Datenbank"},"content":{"rendered":"<p>Die Kaunistik-Abteilung der \u00f6ffentlichen Bibliothek des Bezirks Kaunas (seit 19.01.2024 \u2013 Eichenhain Bibliothek) hat im Jahre 2007 mit der Erstellung der elektronischen Datenbank \u201eKaunas: Daten und Fakten\u201c begonnen. Ziel dieser Arbeit \u2013 ein elektronisches Datenverzeichnis, das allen zug\u00e4nglich ist und eine systematisierte Information in Text und Bild \u00fcber Kaunas* von seinen Anf\u00e4ngen bis heute liefert. Die elektronische Datenbank entsteht in Zusammenarbeit mit wissenschaftlichen Forschungsinstitutionen, Fachleuten der Geschichte, Museen, Archiven, Besitzern von Sammlungen.<\/p>\n<p>Ohne die schriftliche Zusage der Eichenhain Bibliothek, anderer Ged\u00e4chtnisinstitutionen und der Besitzer von pers\u00f6nlichen Sammlungen ist Kopieren, Ver\u00f6ffentlichung, Publizieren in Druckschriften und im Internet, \u00c4nderung und Erstellung von abgeleiteten Produkten verboten. Nach Benutzung der in der elektronischen Datenbank ver\u00f6ffentlichten Dokumente muss ihre Quelle angegeben werden.<\/p>\n<p>Die elektronische Datenbank ist vor allem f\u00fcr diejenigen gedacht, die aus verschiedenen Gr\u00fcnden die Leistungen von Bibliotheken, Museen oder Reisef\u00fchrern nicht direkt in Anspruch nehmen k\u00f6nnen. Die Benutzer sind meistens Angeh\u00f6rige von verschiedenen sozialen Gruppen und Interessenbereichen, in Kaunas ans\u00e4ssige Ausl\u00e4nder, litauische Emigranten u.a.<\/p>\n<p>Oft ist unklar, welches Datum das richtige ist, denn in unterschiedlichen Quellen werden zum Teil unterschiedliche Daten genannt. Die Verfasser der elektronischen Datenbank verf\u00fcgen \u00fcber eine einmalige Kaunistik-Kartei mit \u00fcber 600.000 bibliographischen Eintragungen, sie w\u00e4hlen die Quellen aus, geben nach M\u00f6glichkeit die prim\u00e4ren oder wissenschaftlichen Quellen an und versorgen die Kunden mit elektronischen Adressen, die zum weiteren Recherchieren anregen. Die vorhandene Information wird mit aufschlussreichen Illustrationen nicht nur aus dem Besitz der Eichenhain Bibliothek versehen, sondern auch aus den Fonds anderer Institutionen erg\u00e4nzt \u2013 des Kriegsmuseums Vytautas des Gro\u00dfen, des Museums der Stadt Kaunas, des Museums f\u00fcr Geschichte der Medizin und Pharmazie in Litauen und aus privaten Sammlungen. Die Herausgebergruppe hat die Historiker Rasa Varsackyt\u0117, Liudas Glem\u017ea, Mindaugas Berta\u0161ius u.a. konsultiert.<br \/>\n\u00a0<br \/>\nMit Stern (*) sind die Daten versehen, die in verschiedenen Quellen unterschiedlich angegeben sind.<br \/>\nIn der elektronischen Datenbank werden Links zu den Daten anderer historischen Perioden angegeben.<br \/>\nDie Suche erfolgt nach Schl\u00fcsselw\u00f6rtern (Singular Nominativ), nach Daten<br \/>\n(Jahr, Jahrhundert) und beliebigem Wort (oder Fragment).<br \/>\n\u00a0<br \/>\nDie elektronische Datenbank wird st\u00e4ndig durch aktuelle schriftliche und visuelle Informationen und Informationsquellen erg\u00e4nzt. Ungenauigkeiten werden korrigiert.<br \/>\n\u00a0<br \/>\nDas Titelblatt zeigt den Blick auf die Altstadt von Kaunas von Linksmadvaris aus gesehen. Maler Napoleon Orda. 1875 [Napoleonas Orda: senosios Lietuvos architekt\u016bros peiza\u017eai \/ Vytautas Levandauskas, Renata Vai\u010dekonyt\u0117-Kepe\u017einskien\u0117. \u2013 Vilnius, 2006. \u2013 S. 78.]. Das Original befindet sich im Nationalmuseum von Krakau.<\/p>\n<p><em>*Kaunas, Kowno, Kovne, Kovna, Kauen<\/em><\/p>\n","protected":false},"excerpt":{"rendered":"<p>Die Kaunistik-Abteilung der \u00f6ffentlichen Bibliothek des Bezirks Kaunas (seit 19.01.2024 \u2013 Eichenhain Bibliothek) hat im Jahre 2007 mit der Erstellung der elektronischen Datenbank \u201eKaunas: Daten und Fakten\u201c begonnen. Ziel dieser Arbeit \u2013 ein elektronisches Datenverzeichnis, das allen zug\u00e4nglich ist und eine systematisierte Information in Text und Bild \u00fcber Kaunas* von seinen Anf\u00e4ngen bis heute liefert. [&hellip;]<\/p>\n","protected":false},"author":4,"featured_media":0,"parent":0,"menu_order":0,"comment_status":"closed","ping_status":"closed","template":"templates\/reference-book.php","meta":{"_acf_changed":false,"footnotes":""},"class_list":["post-4866","page","type-page","status-publish","hentry"],"acf":[],"yoast_head":"<!-- This site is optimized with the Yoast SEO plugin v27.5 - https:\/\/yoast.com\/product\/yoast-seo-wordpress\/ -->\n<title>\u00dcber die Datenbank \u2013 Kaunas: Daten und Fakten. Elektronische Datenbank<\/title>\n<meta name=\"description\" content=\"Ein elektronisches Datenbank, systematisierte Information in Text und Bild \u00fcber Kaunas von seinen Anf\u00e4ngen bis heute liefert.\" \/>\n<meta name=\"robots\" content=\"index, follow, max-snippet:-1, max-image-preview:large, max-video-preview:-1\" \/>\n<link rel=\"canonical\" href=\"https:\/\/datos.azuolynobiblioteka.lt\/de\/ueber-die-datenbank\/\" \/>\n<meta property=\"og:locale\" content=\"de_DE\" \/>\n<meta property=\"og:type\" content=\"article\" \/>\n<meta property=\"og:title\" content=\"\u00dcber die Datenbank \u2013 Kaunas: Daten und Fakten. Elektronische Datenbank\" \/>\n<meta property=\"og:description\" content=\"Ein elektronisches Datenbank, systematisierte Information in Text und Bild \u00fcber Kaunas von seinen Anf\u00e4ngen bis heute liefert.\" \/>\n<meta property=\"og:url\" content=\"https:\/\/datos.azuolynobiblioteka.lt\/de\/ueber-die-datenbank\/\" \/>\n<meta property=\"og:site_name\" content=\"Kauno apskrities vie\u0161oji \u0104\u017euolyno biblioteka\" \/>\n<meta property=\"article:modified_time\" content=\"2024-03-13T09:46:46+00:00\" \/>\n<meta name=\"twitter:card\" content=\"summary_large_image\" \/>\n<meta name=\"twitter:label1\" content=\"Gesch\u00e4tzte Lesezeit\" \/>\n\t<meta name=\"twitter:data1\" content=\"2\u00a0Minuten\" \/>\n<script type=\"application\/ld+json\" class=\"yoast-schema-graph\">{\"@context\":\"https:\\\/\\\/schema.org\",\"@graph\":[{\"@type\":\"WebPage\",\"@id\":\"https:\\\/\\\/datos.azuolynobiblioteka.lt\\\/de\\\/ueber-die-datenbank\\\/\",\"url\":\"https:\\\/\\\/datos.azuolynobiblioteka.lt\\\/de\\\/ueber-die-datenbank\\\/\",\"name\":\"\u00dcber die Datenbank \u2013 Kaunas: Daten und Fakten. Elektronische Datenbank\",\"isPartOf\":{\"@id\":\"https:\\\/\\\/datos.azuolynobiblioteka.lt\\\/#website\"},\"datePublished\":\"2018-09-06T08:16:33+00:00\",\"dateModified\":\"2024-03-13T09:46:46+00:00\",\"description\":\"Ein elektronisches Datenbank, systematisierte Information in Text und Bild \u00fcber Kaunas von seinen Anf\u00e4ngen bis heute liefert.\",\"breadcrumb\":{\"@id\":\"https:\\\/\\\/datos.azuolynobiblioteka.lt\\\/de\\\/ueber-die-datenbank\\\/#breadcrumb\"},\"inLanguage\":\"de\",\"potentialAction\":[{\"@type\":\"ReadAction\",\"target\":[\"https:\\\/\\\/datos.azuolynobiblioteka.lt\\\/de\\\/ueber-die-datenbank\\\/\"]}]},{\"@type\":\"BreadcrumbList\",\"@id\":\"https:\\\/\\\/datos.azuolynobiblioteka.lt\\\/de\\\/ueber-die-datenbank\\\/#breadcrumb\",\"itemListElement\":[{\"@type\":\"ListItem\",\"position\":1,\"name\":\"Startseite\",\"item\":\"https:\\\/\\\/datos.azuolynobiblioteka.lt\\\/de\\\/\"},{\"@type\":\"ListItem\",\"position\":2,\"name\":\"\u00dcber die Datenbank\"}]},{\"@type\":\"WebSite\",\"@id\":\"https:\\\/\\\/datos.azuolynobiblioteka.lt\\\/#website\",\"url\":\"https:\\\/\\\/datos.azuolynobiblioteka.lt\\\/\",\"name\":\"Kauno apskrities vie\u0161oji \u0104\u017euolyno biblioteka\",\"description\":\"Kauno istorijos datos ir faktai\",\"publisher\":{\"@id\":\"https:\\\/\\\/datos.azuolynobiblioteka.lt\\\/#organization\"},\"potentialAction\":[{\"@type\":\"SearchAction\",\"target\":{\"@type\":\"EntryPoint\",\"urlTemplate\":\"https:\\\/\\\/datos.azuolynobiblioteka.lt\\\/?s={search_term_string}\"},\"query-input\":{\"@type\":\"PropertyValueSpecification\",\"valueRequired\":true,\"valueName\":\"search_term_string\"}}],\"inLanguage\":\"de\"},{\"@type\":\"Organization\",\"@id\":\"https:\\\/\\\/datos.azuolynobiblioteka.lt\\\/#organization\",\"name\":\"Kauno apskrities vie\u0161oji \u0104\u017euolyno biblioteka\",\"url\":\"https:\\\/\\\/datos.azuolynobiblioteka.lt\\\/\",\"logo\":{\"@type\":\"ImageObject\",\"inLanguage\":\"de\",\"@id\":\"https:\\\/\\\/datos.azuolynobiblioteka.lt\\\/#\\\/schema\\\/logo\\\/image\\\/\",\"url\":\"https:\\\/\\\/datos.azuolynobiblioteka.lt\\\/wp-content\\\/uploads\\\/2024\\\/03\\\/azuolyno_biblioteka_logo_horizontalus_zalias_skaidrus.png\",\"contentUrl\":\"https:\\\/\\\/datos.azuolynobiblioteka.lt\\\/wp-content\\\/uploads\\\/2024\\\/03\\\/azuolyno_biblioteka_logo_horizontalus_zalias_skaidrus.png\",\"width\":1200,\"height\":521,\"caption\":\"Kauno apskrities vie\u0161oji \u0104\u017euolyno biblioteka\"},\"image\":{\"@id\":\"https:\\\/\\\/datos.azuolynobiblioteka.lt\\\/#\\\/schema\\\/logo\\\/image\\\/\"}}]}<\/script>\n<!-- \/ Yoast SEO plugin. -->","yoast_head_json":{"title":"\u00dcber die Datenbank \u2013 Kaunas: Daten und Fakten. Elektronische Datenbank","description":"Ein elektronisches Datenbank, systematisierte Information in Text und Bild \u00fcber Kaunas von seinen Anf\u00e4ngen bis heute liefert.","robots":{"index":"index","follow":"follow","max-snippet":"max-snippet:-1","max-image-preview":"max-image-preview:large","max-video-preview":"max-video-preview:-1"},"canonical":"https:\/\/datos.azuolynobiblioteka.lt\/de\/ueber-die-datenbank\/","og_locale":"de_DE","og_type":"article","og_title":"\u00dcber die Datenbank \u2013 Kaunas: Daten und Fakten. Elektronische Datenbank","og_description":"Ein elektronisches Datenbank, systematisierte Information in Text und Bild \u00fcber Kaunas von seinen Anf\u00e4ngen bis heute liefert.","og_url":"https:\/\/datos.azuolynobiblioteka.lt\/de\/ueber-die-datenbank\/","og_site_name":"Kauno apskrities vie\u0161oji \u0104\u017euolyno biblioteka","article_modified_time":"2024-03-13T09:46:46+00:00","twitter_card":"summary_large_image","twitter_misc":{"Gesch\u00e4tzte Lesezeit":"2\u00a0Minuten"},"schema":{"@context":"https:\/\/schema.org","@graph":[{"@type":"WebPage","@id":"https:\/\/datos.azuolynobiblioteka.lt\/de\/ueber-die-datenbank\/","url":"https:\/\/datos.azuolynobiblioteka.lt\/de\/ueber-die-datenbank\/","name":"\u00dcber die Datenbank \u2013 Kaunas: Daten und Fakten. Elektronische Datenbank","isPartOf":{"@id":"https:\/\/datos.azuolynobiblioteka.lt\/#website"},"datePublished":"2018-09-06T08:16:33+00:00","dateModified":"2024-03-13T09:46:46+00:00","description":"Ein elektronisches Datenbank, systematisierte Information in Text und Bild \u00fcber Kaunas von seinen Anf\u00e4ngen bis heute liefert.","breadcrumb":{"@id":"https:\/\/datos.azuolynobiblioteka.lt\/de\/ueber-die-datenbank\/#breadcrumb"},"inLanguage":"de","potentialAction":[{"@type":"ReadAction","target":["https:\/\/datos.azuolynobiblioteka.lt\/de\/ueber-die-datenbank\/"]}]},{"@type":"BreadcrumbList","@id":"https:\/\/datos.azuolynobiblioteka.lt\/de\/ueber-die-datenbank\/#breadcrumb","itemListElement":[{"@type":"ListItem","position":1,"name":"Startseite","item":"https:\/\/datos.azuolynobiblioteka.lt\/de\/"},{"@type":"ListItem","position":2,"name":"\u00dcber die Datenbank"}]},{"@type":"WebSite","@id":"https:\/\/datos.azuolynobiblioteka.lt\/#website","url":"https:\/\/datos.azuolynobiblioteka.lt\/","name":"Kauno apskrities vie\u0161oji \u0104\u017euolyno biblioteka","description":"Kauno istorijos datos ir faktai","publisher":{"@id":"https:\/\/datos.azuolynobiblioteka.lt\/#organization"},"potentialAction":[{"@type":"SearchAction","target":{"@type":"EntryPoint","urlTemplate":"https:\/\/datos.azuolynobiblioteka.lt\/?s={search_term_string}"},"query-input":{"@type":"PropertyValueSpecification","valueRequired":true,"valueName":"search_term_string"}}],"inLanguage":"de"},{"@type":"Organization","@id":"https:\/\/datos.azuolynobiblioteka.lt\/#organization","name":"Kauno apskrities vie\u0161oji \u0104\u017euolyno biblioteka","url":"https:\/\/datos.azuolynobiblioteka.lt\/","logo":{"@type":"ImageObject","inLanguage":"de","@id":"https:\/\/datos.azuolynobiblioteka.lt\/#\/schema\/logo\/image\/","url":"https:\/\/datos.azuolynobiblioteka.lt\/wp-content\/uploads\/2024\/03\/azuolyno_biblioteka_logo_horizontalus_zalias_skaidrus.png","contentUrl":"https:\/\/datos.azuolynobiblioteka.lt\/wp-content\/uploads\/2024\/03\/azuolyno_biblioteka_logo_horizontalus_zalias_skaidrus.png","width":1200,"height":521,"caption":"Kauno apskrities vie\u0161oji \u0104\u017euolyno biblioteka"},"image":{"@id":"https:\/\/datos.azuolynobiblioteka.lt\/#\/schema\/logo\/image\/"}}]}},"_links":{"self":[{"href":"https:\/\/datos.azuolynobiblioteka.lt\/de\/wp-json\/wp\/v2\/pages\/4866","targetHints":{"allow":["GET"]}}],"collection":[{"href":"https:\/\/datos.azuolynobiblioteka.lt\/de\/wp-json\/wp\/v2\/pages"}],"about":[{"href":"https:\/\/datos.azuolynobiblioteka.lt\/de\/wp-json\/wp\/v2\/types\/page"}],"author":[{"embeddable":true,"href":"https:\/\/datos.azuolynobiblioteka.lt\/de\/wp-json\/wp\/v2\/users\/4"}],"replies":[{"embeddable":true,"href":"https:\/\/datos.azuolynobiblioteka.lt\/de\/wp-json\/wp\/v2\/comments?post=4866"}],"version-history":[{"count":11,"href":"https:\/\/datos.azuolynobiblioteka.lt\/de\/wp-json\/wp\/v2\/pages\/4866\/revisions"}],"predecessor-version":[{"id":18607,"href":"https:\/\/datos.azuolynobiblioteka.lt\/de\/wp-json\/wp\/v2\/pages\/4866\/revisions\/18607"}],"wp:attachment":[{"href":"https:\/\/datos.azuolynobiblioteka.lt\/de\/wp-json\/wp\/v2\/media?parent=4866"}],"curies":[{"name":"wp","href":"https:\/\/api.w.org\/{rel}","templated":true}]}}