{"id":4989,"date":"2018-09-06T06:17:04","date_gmt":"2018-09-06T08:17:04","guid":{"rendered":"https:\/\/datos.azuolynobiblioteka.lt\/periods\/"},"modified":"2018-10-18T07:27:29","modified_gmt":"2018-10-18T09:27:29","slug":"zeitperioden","status":"publish","type":"page","link":"https:\/\/datos.azuolynobiblioteka.lt\/de\/zeitperioden\/","title":{"rendered":"Zeitperioden"},"content":{"rendered":"<p>Die wichtigsten Daten und Fakten aus der Geschichte von Kaunas sind chronologisch in 8 historische Zeitabschnitte aufgeteilt und beziehen sich auf die historischen Zeitperioden Litauens. Diese Information \u00fcber die wichtigsten Ereignisse in der Geschichte von Kaunas und die bedeutendsten Errungenschaften w\u00e4hrend der einzelnen historischen Perioden stammt aus unterschiedlichen Quellen und ist systematisch geordnet. Zusammenfassende Beschreibungen von Daten und Fakten werden durch Illustrationen, Quellen- und Literaturverzeichnisse erg\u00e4nzt. Engverbundene historische Fakten und Daten aus der Geschichte von Kaunas sind miteinander verlinkt.<\/p>\n","protected":false},"excerpt":{"rendered":"<p>Die wichtigsten Daten und Fakten aus der Geschichte von Kaunas sind chronologisch in 8 historische Zeitabschnitte aufgeteilt und beziehen sich auf die historischen Zeitperioden Litauens. Diese Information \u00fcber die wichtigsten Ereignisse in der Geschichte von Kaunas und die bedeutendsten Errungenschaften w\u00e4hrend der einzelnen historischen Perioden stammt aus unterschiedlichen Quellen und ist systematisch geordnet. Zusammenfassende Beschreibungen [&hellip;]<\/p>\n","protected":false},"author":4,"featured_media":0,"parent":0,"menu_order":0,"comment_status":"closed","ping_status":"closed","template":"templates\/periods.php","meta":{"_acf_changed":false,"footnotes":""},"class_list":["post-4989","page","type-page","status-publish","hentry"],"acf":[],"yoast_head":"<!-- This site is optimized with the Yoast SEO plugin v27.3 - https:\/\/yoast.com\/product\/yoast-seo-wordpress\/ -->\n<title>Zeitperioden \u2013\u00a0Kaunas: Daten und Fakten. Elektronische Datenbank<\/title>\n<meta name=\"description\" content=\"Die wichtigsten Daten und Fakten aus der Geschichte von Kaunas. Diese Information \u00fcber die wichtigsten Ereignisse in der Geschichte von Kaunas.\" \/>\n<meta name=\"robots\" content=\"index, follow, max-snippet:-1, max-image-preview:large, max-video-preview:-1\" \/>\n<link rel=\"canonical\" href=\"https:\/\/datos.azuolynobiblioteka.lt\/de\/zeitperioden\/\" \/>\n<meta property=\"og:locale\" content=\"de_DE\" \/>\n<meta property=\"og:type\" content=\"article\" \/>\n<meta property=\"og:title\" content=\"Zeitperioden \u2013\u00a0Kaunas: Daten und Fakten. Elektronische Datenbank\" \/>\n<meta property=\"og:description\" content=\"Die wichtigsten Daten und Fakten aus der Geschichte von Kaunas. Diese Information \u00fcber die wichtigsten Ereignisse in der Geschichte von Kaunas.\" \/>\n<meta property=\"og:url\" content=\"https:\/\/datos.azuolynobiblioteka.lt\/de\/zeitperioden\/\" \/>\n<meta property=\"og:site_name\" content=\"Kauno apskrities vie\u0161oji \u0104\u017euolyno biblioteka\" \/>\n<meta property=\"article:modified_time\" content=\"2018-10-18T09:27:29+00:00\" \/>\n<meta name=\"twitter:card\" content=\"summary_large_image\" \/>\n<script type=\"application\/ld+json\" class=\"yoast-schema-graph\">{\"@context\":\"https:\\\/\\\/schema.org\",\"@graph\":[{\"@type\":\"WebPage\",\"@id\":\"https:\\\/\\\/datos.azuolynobiblioteka.lt\\\/de\\\/zeitperioden\\\/\",\"url\":\"https:\\\/\\\/datos.azuolynobiblioteka.lt\\\/de\\\/zeitperioden\\\/\",\"name\":\"Zeitperioden \u2013\u00a0Kaunas: Daten und Fakten. Elektronische Datenbank\",\"isPartOf\":{\"@id\":\"https:\\\/\\\/datos.azuolynobiblioteka.lt\\\/#website\"},\"datePublished\":\"2018-09-06T08:17:04+00:00\",\"dateModified\":\"2018-10-18T09:27:29+00:00\",\"description\":\"Die wichtigsten Daten und Fakten aus der Geschichte von Kaunas. Diese Information \u00fcber die wichtigsten Ereignisse in der Geschichte von Kaunas.\",\"breadcrumb\":{\"@id\":\"https:\\\/\\\/datos.azuolynobiblioteka.lt\\\/de\\\/zeitperioden\\\/#breadcrumb\"},\"inLanguage\":\"de\",\"potentialAction\":[{\"@type\":\"ReadAction\",\"target\":[\"https:\\\/\\\/datos.azuolynobiblioteka.lt\\\/de\\\/zeitperioden\\\/\"]}]},{\"@type\":\"BreadcrumbList\",\"@id\":\"https:\\\/\\\/datos.azuolynobiblioteka.lt\\\/de\\\/zeitperioden\\\/#breadcrumb\",\"itemListElement\":[{\"@type\":\"ListItem\",\"position\":1,\"name\":\"Startseite\",\"item\":\"https:\\\/\\\/datos.azuolynobiblioteka.lt\\\/de\\\/\"},{\"@type\":\"ListItem\",\"position\":2,\"name\":\"Zeitperioden\"}]},{\"@type\":\"WebSite\",\"@id\":\"https:\\\/\\\/datos.azuolynobiblioteka.lt\\\/#website\",\"url\":\"https:\\\/\\\/datos.azuolynobiblioteka.lt\\\/\",\"name\":\"Kauno apskrities vie\u0161oji \u0104\u017euolyno biblioteka\",\"description\":\"Kauno istorijos datos ir faktai\",\"publisher\":{\"@id\":\"https:\\\/\\\/datos.azuolynobiblioteka.lt\\\/#organization\"},\"potentialAction\":[{\"@type\":\"SearchAction\",\"target\":{\"@type\":\"EntryPoint\",\"urlTemplate\":\"https:\\\/\\\/datos.azuolynobiblioteka.lt\\\/?s={search_term_string}\"},\"query-input\":{\"@type\":\"PropertyValueSpecification\",\"valueRequired\":true,\"valueName\":\"search_term_string\"}}],\"inLanguage\":\"de\"},{\"@type\":\"Organization\",\"@id\":\"https:\\\/\\\/datos.azuolynobiblioteka.lt\\\/#organization\",\"name\":\"Kauno apskrities vie\u0161oji \u0104\u017euolyno biblioteka\",\"url\":\"https:\\\/\\\/datos.azuolynobiblioteka.lt\\\/\",\"logo\":{\"@type\":\"ImageObject\",\"inLanguage\":\"de\",\"@id\":\"https:\\\/\\\/datos.azuolynobiblioteka.lt\\\/#\\\/schema\\\/logo\\\/image\\\/\",\"url\":\"https:\\\/\\\/datos.azuolynobiblioteka.lt\\\/wp-content\\\/uploads\\\/2024\\\/03\\\/azuolyno_biblioteka_logo_horizontalus_zalias_skaidrus.png\",\"contentUrl\":\"https:\\\/\\\/datos.azuolynobiblioteka.lt\\\/wp-content\\\/uploads\\\/2024\\\/03\\\/azuolyno_biblioteka_logo_horizontalus_zalias_skaidrus.png\",\"width\":1200,\"height\":521,\"caption\":\"Kauno apskrities vie\u0161oji \u0104\u017euolyno biblioteka\"},\"image\":{\"@id\":\"https:\\\/\\\/datos.azuolynobiblioteka.lt\\\/#\\\/schema\\\/logo\\\/image\\\/\"}}]}<\/script>\n<!-- \/ Yoast SEO plugin. -->","yoast_head_json":{"title":"Zeitperioden \u2013\u00a0Kaunas: Daten und Fakten. Elektronische Datenbank","description":"Die wichtigsten Daten und Fakten aus der Geschichte von Kaunas. Diese Information \u00fcber die wichtigsten Ereignisse in der Geschichte von Kaunas.","robots":{"index":"index","follow":"follow","max-snippet":"max-snippet:-1","max-image-preview":"max-image-preview:large","max-video-preview":"max-video-preview:-1"},"canonical":"https:\/\/datos.azuolynobiblioteka.lt\/de\/zeitperioden\/","og_locale":"de_DE","og_type":"article","og_title":"Zeitperioden \u2013\u00a0Kaunas: Daten und Fakten. Elektronische Datenbank","og_description":"Die wichtigsten Daten und Fakten aus der Geschichte von Kaunas. Diese Information \u00fcber die wichtigsten Ereignisse in der Geschichte von Kaunas.","og_url":"https:\/\/datos.azuolynobiblioteka.lt\/de\/zeitperioden\/","og_site_name":"Kauno apskrities vie\u0161oji \u0104\u017euolyno biblioteka","article_modified_time":"2018-10-18T09:27:29+00:00","twitter_card":"summary_large_image","schema":{"@context":"https:\/\/schema.org","@graph":[{"@type":"WebPage","@id":"https:\/\/datos.azuolynobiblioteka.lt\/de\/zeitperioden\/","url":"https:\/\/datos.azuolynobiblioteka.lt\/de\/zeitperioden\/","name":"Zeitperioden \u2013\u00a0Kaunas: Daten und Fakten. Elektronische Datenbank","isPartOf":{"@id":"https:\/\/datos.azuolynobiblioteka.lt\/#website"},"datePublished":"2018-09-06T08:17:04+00:00","dateModified":"2018-10-18T09:27:29+00:00","description":"Die wichtigsten Daten und Fakten aus der Geschichte von Kaunas. Diese Information \u00fcber die wichtigsten Ereignisse in der Geschichte von Kaunas.","breadcrumb":{"@id":"https:\/\/datos.azuolynobiblioteka.lt\/de\/zeitperioden\/#breadcrumb"},"inLanguage":"de","potentialAction":[{"@type":"ReadAction","target":["https:\/\/datos.azuolynobiblioteka.lt\/de\/zeitperioden\/"]}]},{"@type":"BreadcrumbList","@id":"https:\/\/datos.azuolynobiblioteka.lt\/de\/zeitperioden\/#breadcrumb","itemListElement":[{"@type":"ListItem","position":1,"name":"Startseite","item":"https:\/\/datos.azuolynobiblioteka.lt\/de\/"},{"@type":"ListItem","position":2,"name":"Zeitperioden"}]},{"@type":"WebSite","@id":"https:\/\/datos.azuolynobiblioteka.lt\/#website","url":"https:\/\/datos.azuolynobiblioteka.lt\/","name":"Kauno apskrities vie\u0161oji \u0104\u017euolyno biblioteka","description":"Kauno istorijos datos ir faktai","publisher":{"@id":"https:\/\/datos.azuolynobiblioteka.lt\/#organization"},"potentialAction":[{"@type":"SearchAction","target":{"@type":"EntryPoint","urlTemplate":"https:\/\/datos.azuolynobiblioteka.lt\/?s={search_term_string}"},"query-input":{"@type":"PropertyValueSpecification","valueRequired":true,"valueName":"search_term_string"}}],"inLanguage":"de"},{"@type":"Organization","@id":"https:\/\/datos.azuolynobiblioteka.lt\/#organization","name":"Kauno apskrities vie\u0161oji \u0104\u017euolyno biblioteka","url":"https:\/\/datos.azuolynobiblioteka.lt\/","logo":{"@type":"ImageObject","inLanguage":"de","@id":"https:\/\/datos.azuolynobiblioteka.lt\/#\/schema\/logo\/image\/","url":"https:\/\/datos.azuolynobiblioteka.lt\/wp-content\/uploads\/2024\/03\/azuolyno_biblioteka_logo_horizontalus_zalias_skaidrus.png","contentUrl":"https:\/\/datos.azuolynobiblioteka.lt\/wp-content\/uploads\/2024\/03\/azuolyno_biblioteka_logo_horizontalus_zalias_skaidrus.png","width":1200,"height":521,"caption":"Kauno apskrities vie\u0161oji \u0104\u017euolyno biblioteka"},"image":{"@id":"https:\/\/datos.azuolynobiblioteka.lt\/#\/schema\/logo\/image\/"}}]}},"_links":{"self":[{"href":"https:\/\/datos.azuolynobiblioteka.lt\/de\/wp-json\/wp\/v2\/pages\/4989","targetHints":{"allow":["GET"]}}],"collection":[{"href":"https:\/\/datos.azuolynobiblioteka.lt\/de\/wp-json\/wp\/v2\/pages"}],"about":[{"href":"https:\/\/datos.azuolynobiblioteka.lt\/de\/wp-json\/wp\/v2\/types\/page"}],"author":[{"embeddable":true,"href":"https:\/\/datos.azuolynobiblioteka.lt\/de\/wp-json\/wp\/v2\/users\/4"}],"replies":[{"embeddable":true,"href":"https:\/\/datos.azuolynobiblioteka.lt\/de\/wp-json\/wp\/v2\/comments?post=4989"}],"version-history":[{"count":3,"href":"https:\/\/datos.azuolynobiblioteka.lt\/de\/wp-json\/wp\/v2\/pages\/4989\/revisions"}],"predecessor-version":[{"id":4995,"href":"https:\/\/datos.azuolynobiblioteka.lt\/de\/wp-json\/wp\/v2\/pages\/4989\/revisions\/4995"}],"wp:attachment":[{"href":"https:\/\/datos.azuolynobiblioteka.lt\/de\/wp-json\/wp\/v2\/media?parent=4989"}],"curies":[{"name":"wp","href":"https:\/\/api.w.org\/{rel}","templated":true}]}}