{"id":4128,"date":"2018-09-09T15:08:41","date_gmt":"2018-09-09T17:08:41","guid":{"rendered":"https:\/\/datos.azuolynobiblioteka.lt\/kauno-miesto-savivaldos-instituciju-raida\/"},"modified":"2019-10-31T12:08:01","modified_gmt":"2019-10-31T14:08:01","slug":"evolution-of-kaunas-self-government-institutions","status":"publish","type":"page","link":"https:\/\/datos.azuolynobiblioteka.lt\/en\/evolution-of-kaunas-self-government-institutions\/","title":{"rendered":"Evolution of Kaunas Self-Government Institutions"},"content":{"rendered":"<p style=\"text-align: right;\"><strong>Dr. Rasa Varsackyt\u0117<\/strong><\/p>\n<h3>Evolution of Kaunas Self-Government Institutions<\/h3>\n<p>The date of Kaunas&#8217; origin as a city should be quoted not as the year 1361, when the name of Kaunas castle was first mentioned in Teutonic Knights&#8217; chronicles, but February, <strong><span id=\"1408\">1408<\/span><\/strong>, when Grand Duke Vytautas granted Magdeburg rights to the city on the Nemunas river. After 1408, Kaunas citizens were given a wide legal and taxation autonomy. Contemporaries called that community\u00a0Respublica Caunensis\u00a0\u2013 the Kaunas Republic. Having received and implemented the privilege, Kaunas became a true European city.\u00a0The power of self-governing Kaunas was shared by three interrelated major institutions:\u00a0vaitas\u00a0(the Mayor), the Council or Magistrate (12 lay judges and 4 burgomasters) and the Benchers&#8217;\u00a0Court (12 persons).<\/p>\n<p>According to Magdeburg Law,\u00a0Vaitas\u00a0was the top officer of the city self-government, the official representative of the city; however, this office meant more honour than power.\u00a0Vaitaspresided over the Benchers\u2018 Court and announced its decisions. The city also had the\u00a0Vaitas\u00a0Domestic Court, but the 1540 Kaunas privilege limited its jurisdiction limits; since then\u00a0Vaitaswas only allowed to hear cases with claims below a certain sum of money\u00a0(10\u00a0kap\u0173 gra\u0161i\u0173).According to the 1584 privilege granted to Kaunas by Steponas Batoras, the Magistrate members had the right to select four candidates for the post of\u00a0Vaitas, and the Grand Duke would choose the Head of the city from among them. In this way, Kaunas self-government was enhanced, the power of the Magistrate was strengthened, and the\u00a0Vaitas\u00a0office was entrusted to an experienced citizen familiar with the city&#8217;s affairs. Next to\u00a0Vaitas,\u00a0the second major institution of the city self-government was the Council or the Magistrate. For a long time, it was controling the whole of city life since it adopted regulations (vilkierai)\u00a0and supervised their implementation, constituted one of the city courts for hearing citizens&#8217; civil cases, custody, property, or inheritance issues, etc. The lowest in rank among the city authorities was the Benchers&#8217; Board, whose duty was to solve citizens&#8217; criminal cases, property litigations, or city order violations. After the mid-17th century wars, city occupation and the following crisis, the Benchers&#8217; Board became part of the Magistrate, and the administrative issues of the city were considered together with the Council. At the same time, a new joint Vaitas-Magistrate Court was formed for investigating criminal cases of municipality representatives. The meetings of the municipal government used to be observed by the so-called community jury (although having no vote), from whom new members for the Magistrate would be selected.<\/p>\n<p>Annual elections of the municipal government took place on February 22 (Day of the Chair of St. Peter). Following an old tradition, election procedures would start with the Holy Mass held by the Kaunas Bishop in the parochial St. Peter and Paul Church (present Archcathedral Basilica), at the co-called Literary Altar (the Altar of the Assumption of blessed Virgin Mary), asking God for help in electing new officers, for blessing their work, and protecting the city community. After the mass, the procession of Magistrate members, community jurists, merchants observing the meetings, and heads of workshops would move to the City Hall. Here, elections would start with the psalm \u201eVeni Creator Spiritus\u201d (Come, Creator Spirit) and the prayer to the Lord. After the election session, the participants would come back to church to thank the Lord for the day and to sing \u201eTe Deum Laudamus\u201c (We praise thee, O God).<br \/>\nThe status of self-government was an important part of the citizens&#8217; identity. In the state of nobility, the city was mostly the space for the citizens&#8217; self-expression, potential for business, career, or creation. The city eagerly watched its privileges, symbolic of which were the City Hall, the construction of which started in <strong><span id=\"1542\">1542<\/span><\/strong>, and the coat of arms (seals), essential symbols of the citizens&#8217; self-esteem. In early 1572, the city\u2018s scribe, Andrius Nareiko (Nareyko), poetically described the value of the City Hall in the Kaunas Magistrate book. He compared it with the house of God and stressed the significance and responsibility of the officials working there:<\/p>\n<p><em>This building can be called the house of God<\/em><br \/>\n<em>If virtue flourishes here.<\/em><br \/>\n<em>It is the home of the Jury and the Council,<\/em><br \/>\n<em>Not that of traitors and betrayal.<\/em><br \/>\n<em>Those who wish to live here<\/em><br \/>\n<em>Ought to know how to govern.<\/em><\/p>\n<p>(Scribe A.Nareiko\u2018s entry in 1572 (no month or day), Manuscript Dept of Vilnius University Library, f. 7, K. m. a. 1568\u20131572, l. 115)<\/p>\n<p>By the way, an unknown person describing elections to the Kaunas Magistrate in late 18th century was quite sarcastic about the\u00a0city authorities of that term:<\/p>\n<p><em>We&#8217;ve got masters,<\/em><br \/>\n<em>We&#8217;ve got order,<\/em><br \/>\n<em>We know the real work time,<\/em><br \/>\n<em>But there is no end to the lordliness:<\/em><br \/>\n<em>No matter how much you give, work or pay,<\/em><br \/>\n<em>It&#8217;s always too little.<\/em><\/p>\n<p>(Giesm\u0117 mu\u017eik\u0117lio: i\u0161 XVI\u2013XIX a. anonimin\u0117s lietuvi\u0173 poezijos, Vilnius, 1982, p. 27)Such irony of the contemporary author might have been caused by the late-18th century struggle of political groups in the Magistrate, accompanied by personal interests, defiance, and financial manipulation of the officials.<\/p>\n<p>It should be stressed that the\u00a0orders of the city&#8217;s self-government institutions functioned only within the city, while beyond its borders the laws of the nobility-ruled state were valid. The situation underwent changes during the period of the so-called Four-Year Seimas (1788\u20131792). On April 18, <strong><span id=\"1791\">1791<\/span><\/strong>, the Seimas issued the City Law, which was incorporated in the Constitution of May 3, 1791. All the citizens, nobility included, had to obey the City Law. Noblemen possessing houses in town could become citizens, and would not lose their nobility privileges, as would have been the case before. Citizens were granted some nobility rights: immunity before the trial, the right to purchase land outside the city, etc. This brought the nobility and citizens closer. Unfortunately, the reforms were not implemented as the Polish-Lithuanian state finally collapsed in <strong><span id=\"1795\">1795<\/span>.<\/strong><\/p>\n<p>During the transitional period in the late 18th \u2013 early 19th century, self-government of cities was not yet restricted; besides, the old privileges and Magdeburg Law were still valid. However, compared to the period of the Grand Duchy of Lithuania, the Magistrate&#8217;s competencies were strongly limited, the city was under direct control of Vilnius and Peterburg authorities (and since <strong><span id=\"1843\">1843<\/span> <\/strong>\u2013 the Council of Kaunas province,\u00a0gubernija). In <strong><span id=\"1808\">1808<\/span><\/strong> the City Magistrate was replaced by a Tsarist-type council,\u00a0D\u016bma, consisting of 6 persons who elected the Head of the City among themselves. The\u00a0D\u016bma\u00a0did not possess great power: it controlled order in the city, and supervised business and property matters. That situation lasted until <strong><span id=\"1876\">1876<\/span><\/strong>, when the City Law came into force on June 28, 1870. According to this law, the main self-government institutions were electoral meetings, the City\u00a0D\u016bma,\u00a0and the City Council. The function of the electoral meeting was to elect members of the\u00a0D\u016bma\u00a0every four years. The City\u00a0D\u016bma\u00a0(self-government body) was then elected by property owners, not by the representatives of citizens and nobility. The City\u00a0D\u016bma\u00a0performed organisational functions. Its 69 to 72 members were elected for four years. Its composition was strictly regulated with regard to confession (non-Christian members, i.e., Jews, could not exceed one third of the\u00a0D\u016bma). The City Council was an executive body, consisting of the Head of the city and the Council members, who were elected every four years from the same\u00a0D\u016bma\u00a0members. The number of the Council members was reduced from six in 1876 to four in later years. The main institution supervising municipal self-government was the Province (Gubernijos)\u00a0Committee of Municipal Affairs. It was responsible for the main issues: approving election results, resolving conflicts, investigating complaints, considering municipal budget estimates. Thus, city self-government was considerably limited in tsarist Russia. Towards the end of the century, municipal competencies were even more constricted.<\/p>\n<p>During the period of the First Republic of Lithuania, Kaunas&#8217; City Council was elected six times: in <strong><span id=\"1918\">1918<\/span><\/strong>, 1920, 1921, 1924, 1931 and 1934. The number of the Council members varied: in 1918, the Council consisted of 71 members, in 1920 and 1921 \u2013 55, 1924 \u2013 70, 1931 and 1934 \u2013 24 members. In 1918\u20131919, the functions of\u00a0burmistras\u00a0(city President\/Mayor) were performed by a presidium of four members. The post of\u00a0burmistras\u00a0was introduced in <strong><span id=\"1921\">1921<\/span><\/strong>. The first\u00a0burmistras\u00a0of Kaunas was Jonas Vilei\u0161is (until 1931). His work was continued by successors: Antanas Gravrogkas (1932\u20131933) and Antanas Merkys (1933\u20131939). The City Council would elect a Board from its members (since 1931 its functions were taken over by\u00a0burmistras), and its size depended on the number of the City Council members. Different political parties, organisations and societies would take an active part in the municipal elections. Before the election, the city would host numerous party meetings, noisy rallies, and colourful pre-election posters were pasted everywhere. Actually, after the coup d\u2018etat of February 17, 1926, the municipal government of Kaunas, as well as those of other cities, did not play any major role. The new <strong><span id=\"1931\">1931<\/span><\/strong> Law of Self-Government imposed stricter control by the Ministry of Interior Affairs on municipalities. Due to the revised property qualifications (the suffrage was left only for owners of farms and enterprises, as well as employees of state institutions and miunicipalities) and the changed age limit (above the age of 24), not many people could participate in the elections. In 1924, 46,000 Kaunas citizens had the right to vote in the municipal elections, while in 1927 only 27,000 had that right. The chief opposition parties and all the democratic movement groups criticised the Law of 1931 and adopted a decision to boycott the Municipality election. However, things did not change much, and opposition parties took part in the election of 1934. Although the municipality was elected in 1934 for the term of three years, the Government did not risk to hold a new election because of strong opposition; instead, they extended the mandate of the existing municipalities.<\/p>\n<p>In\u00a0the years of the first Republic of Lithuania, Kaunas&#8217; population consisted of different nationalities: according to 1923 Census, 59% of Kaunas\u2018 population were Lithuanians, 27% \u2013 Jews, 4.5%\u00a0\u2013\u00a0Poles, 3.5%\u00a0\u2013\u00a0Germans, 3.2%\u00a0\u2013\u00a0Russians. During democratic elections, Lithuanians could not get the majority in the City Council. Lithuanians were not as energetic in municipal elections as the well-organized Jews, Poles, Russians or Germans, and did not manage to overcome the national minorities which had strong communities and disciplined electorates. Only after the National Party\u00a0tautininkai\u00a0changed the Law of Municipalities, Lithuanians won the elections in 1931 and 1934. This law stated that the members of the councils had to know the Lithuanian language, both oral and written. Besides, since Kaunas was the capital, one third of its Council (i.e., 12 members) had to be appointed by the Government.<\/p>\n<p>The Municipality of Kaunas had to work hard during the first Republic to help the impoverished post-war city become the political, cultural, and economic centre of the country. A lot of effort and investments were required for introducing a wastewater system, city electrification, building roads, opening new schools, and hundreds of other tasks.<\/p>\n<p>When the Soviet Union occupied Lithuania on June 15, 1940, municipalities were dissolved, their employees dismissed or deported. As early as June 8, the majority of city mayors, heads of rural districts, as well as all the heads of counties, were dismissed. They were replaced by persons loyal to the new system. The final touch in destroying the former self-government system was a resolution adopted by the so-called people&#8217;s government on July 16, 1940, concerning the dismissal of municipality councils in all counties and districts. The Municipality Department at the Ministry of Interior Affairs authorised city mayors, county councils, and heads of rural districts to manage urgent problems. Actually, since then municipalities stopped functioning, only their heads remained (apskri\u010di\u0173 vir\u0161ininkai, miest\u0173 burmistrai, vals\u010di\u0173 vir\u0161ai\u010diai). Besides, the functions of these officers were also narrowed and their roles reduced. The real power was in the hands of city, district, or county Communist party functionaries and repression bodies. The subordination of local self-government was changed the same year in August. The Municipality Department was shifted from the Ministry of Interior Affairs to the People\u2018s Commissariat of Municipal Economy. Thus, the Communist Party entrusted the municipalities only with economic functions and reduced them to the status of Executive Committees that existed in the Soviet Union. On November 12, <strong><span id=\"1940\">1940<\/span><\/strong>, the Central Committee of the Lithuanian Communist Party approved the decree of the Supreme Soviet of the Lithuanian SSR on forming executive committees. The previous Law of Local Municipalities from 1931 was annulled. After the war, Soviets established councils of working people\u2018s deputies. The first elections staged by Soviets took place on January 18, <strong><span id=\"1948\">1948<\/span><\/strong>. The councils did not have any real power because all major decisions had to meet requirements of the local communist party or higher institutions. The mission of the councils was to implement the policy of the Communist party locally, to manage (control) cultural and political activities and to ensure obedience to laws.<\/p>\n<p>The first free and democtratic elections to municipalities after 1924 took place on March 24, <strong><span id=\"1990\">1990<\/span><\/strong>. Following the Law of Local Sef-government adopted on February 1, 1990, municipalities were divided into lower rank (rural districts, settlements (districts), and region or county towns), and those of higher rank: regions, counties, and cities. Kaunas was granted the higher-rank municipality status. The institution representing Kaunas municipality, elected in March, 1990, was initially called the Council of People\u2018s Deputies of Kaunas City, and consisted of 100 deputies. In April 1990, it was renamed the Kaunas City Council, and in July 1994, the Municipality Council of Kaunas City. The first Mayor of Kaunas, Vidmantas Adomonis, took office on May 15, 1990. The Law of Local Municipalities of the Republic came into force on July 7, <strong><span id=\"1994\">1994<\/span><\/strong>, and has been valid since.<\/p>\n","protected":false},"excerpt":{"rendered":"<p>Dr. Rasa Varsackyt\u0117 Evolution of Kaunas Self-Government Institutions The date of Kaunas&#8217; origin as a city should be quoted not as the year 1361, when the name of Kaunas castle was first mentioned in Teutonic Knights&#8217; chronicles, but February, 1408, when Grand Duke Vytautas granted Magdeburg rights to the city on the Nemunas river. After [&hellip;]<\/p>\n","protected":false},"author":2,"featured_media":0,"parent":0,"menu_order":0,"comment_status":"closed","ping_status":"closed","template":"templates\/history-review.php","meta":{"_acf_changed":false,"footnotes":""},"class_list":["post-4128","page","type-page","status-publish","hentry"],"acf":[],"yoast_head":"<!-- This site is optimized with the Yoast SEO plugin v27.3 - https:\/\/yoast.com\/product\/yoast-seo-wordpress\/ -->\n<title>Evolution of Kaunas \u2013 Kaunas: dates and facts. Electronic directory<\/title>\n<meta name=\"description\" content=\"Detailed information on the evolution of Kaunas Self-Government Institutions.\" \/>\n<meta name=\"robots\" content=\"index, follow, max-snippet:-1, max-image-preview:large, max-video-preview:-1\" \/>\n<link rel=\"canonical\" href=\"https:\/\/datos.azuolynobiblioteka.lt\/en\/evolution-of-kaunas-self-government-institutions\/\" \/>\n<meta property=\"og:locale\" content=\"en_US\" \/>\n<meta property=\"og:type\" content=\"article\" \/>\n<meta property=\"og:title\" content=\"Evolution of Kaunas \u2013 Kaunas: dates and facts. Electronic directory\" \/>\n<meta property=\"og:description\" content=\"Detailed information on the evolution of Kaunas Self-Government Institutions.\" \/>\n<meta property=\"og:url\" content=\"https:\/\/datos.azuolynobiblioteka.lt\/en\/evolution-of-kaunas-self-government-institutions\/\" \/>\n<meta property=\"og:site_name\" content=\"Kauno apskrities vie\u0161oji \u0104\u017euolyno biblioteka\" \/>\n<meta property=\"article:modified_time\" content=\"2019-10-31T14:08:01+00:00\" \/>\n<meta name=\"twitter:card\" content=\"summary_large_image\" \/>\n<meta name=\"twitter:label1\" content=\"Est. reading time\" \/>\n\t<meta name=\"twitter:data1\" content=\"11 minutes\" \/>\n<script type=\"application\/ld+json\" class=\"yoast-schema-graph\">{\"@context\":\"https:\\\/\\\/schema.org\",\"@graph\":[{\"@type\":\"WebPage\",\"@id\":\"https:\\\/\\\/datos.azuolynobiblioteka.lt\\\/en\\\/evolution-of-kaunas-self-government-institutions\\\/\",\"url\":\"https:\\\/\\\/datos.azuolynobiblioteka.lt\\\/en\\\/evolution-of-kaunas-self-government-institutions\\\/\",\"name\":\"Evolution of Kaunas \u2013 Kaunas: dates and facts. Electronic directory\",\"isPartOf\":{\"@id\":\"https:\\\/\\\/datos.azuolynobiblioteka.lt\\\/#website\"},\"datePublished\":\"2018-09-09T17:08:41+00:00\",\"dateModified\":\"2019-10-31T14:08:01+00:00\",\"description\":\"Detailed information on the evolution of Kaunas Self-Government Institutions.\",\"breadcrumb\":{\"@id\":\"https:\\\/\\\/datos.azuolynobiblioteka.lt\\\/en\\\/evolution-of-kaunas-self-government-institutions\\\/#breadcrumb\"},\"inLanguage\":\"en-US\",\"potentialAction\":[{\"@type\":\"ReadAction\",\"target\":[\"https:\\\/\\\/datos.azuolynobiblioteka.lt\\\/en\\\/evolution-of-kaunas-self-government-institutions\\\/\"]}]},{\"@type\":\"BreadcrumbList\",\"@id\":\"https:\\\/\\\/datos.azuolynobiblioteka.lt\\\/en\\\/evolution-of-kaunas-self-government-institutions\\\/#breadcrumb\",\"itemListElement\":[{\"@type\":\"ListItem\",\"position\":1,\"name\":\"Home\",\"item\":\"https:\\\/\\\/datos.azuolynobiblioteka.lt\\\/en\\\/\"},{\"@type\":\"ListItem\",\"position\":2,\"name\":\"Evolution of Kaunas Self-Government Institutions\"}]},{\"@type\":\"WebSite\",\"@id\":\"https:\\\/\\\/datos.azuolynobiblioteka.lt\\\/#website\",\"url\":\"https:\\\/\\\/datos.azuolynobiblioteka.lt\\\/\",\"name\":\"Kauno apskrities vie\u0161oji \u0104\u017euolyno biblioteka\",\"description\":\"Kauno istorijos datos ir faktai\",\"publisher\":{\"@id\":\"https:\\\/\\\/datos.azuolynobiblioteka.lt\\\/#organization\"},\"potentialAction\":[{\"@type\":\"SearchAction\",\"target\":{\"@type\":\"EntryPoint\",\"urlTemplate\":\"https:\\\/\\\/datos.azuolynobiblioteka.lt\\\/?s={search_term_string}\"},\"query-input\":{\"@type\":\"PropertyValueSpecification\",\"valueRequired\":true,\"valueName\":\"search_term_string\"}}],\"inLanguage\":\"en-US\"},{\"@type\":\"Organization\",\"@id\":\"https:\\\/\\\/datos.azuolynobiblioteka.lt\\\/#organization\",\"name\":\"Kauno apskrities vie\u0161oji \u0104\u017euolyno biblioteka\",\"url\":\"https:\\\/\\\/datos.azuolynobiblioteka.lt\\\/\",\"logo\":{\"@type\":\"ImageObject\",\"inLanguage\":\"en-US\",\"@id\":\"https:\\\/\\\/datos.azuolynobiblioteka.lt\\\/#\\\/schema\\\/logo\\\/image\\\/\",\"url\":\"https:\\\/\\\/datos.azuolynobiblioteka.lt\\\/wp-content\\\/uploads\\\/2024\\\/03\\\/azuolyno_biblioteka_logo_horizontalus_zalias_skaidrus.png\",\"contentUrl\":\"https:\\\/\\\/datos.azuolynobiblioteka.lt\\\/wp-content\\\/uploads\\\/2024\\\/03\\\/azuolyno_biblioteka_logo_horizontalus_zalias_skaidrus.png\",\"width\":1200,\"height\":521,\"caption\":\"Kauno apskrities vie\u0161oji \u0104\u017euolyno biblioteka\"},\"image\":{\"@id\":\"https:\\\/\\\/datos.azuolynobiblioteka.lt\\\/#\\\/schema\\\/logo\\\/image\\\/\"}}]}<\/script>\n<!-- \/ Yoast SEO plugin. -->","yoast_head_json":{"title":"Evolution of Kaunas \u2013 Kaunas: dates and facts. Electronic directory","description":"Detailed information on the evolution of Kaunas Self-Government Institutions.","robots":{"index":"index","follow":"follow","max-snippet":"max-snippet:-1","max-image-preview":"max-image-preview:large","max-video-preview":"max-video-preview:-1"},"canonical":"https:\/\/datos.azuolynobiblioteka.lt\/en\/evolution-of-kaunas-self-government-institutions\/","og_locale":"en_US","og_type":"article","og_title":"Evolution of Kaunas \u2013 Kaunas: dates and facts. Electronic directory","og_description":"Detailed information on the evolution of Kaunas Self-Government Institutions.","og_url":"https:\/\/datos.azuolynobiblioteka.lt\/en\/evolution-of-kaunas-self-government-institutions\/","og_site_name":"Kauno apskrities vie\u0161oji \u0104\u017euolyno biblioteka","article_modified_time":"2019-10-31T14:08:01+00:00","twitter_card":"summary_large_image","twitter_misc":{"Est. reading time":"11 minutes"},"schema":{"@context":"https:\/\/schema.org","@graph":[{"@type":"WebPage","@id":"https:\/\/datos.azuolynobiblioteka.lt\/en\/evolution-of-kaunas-self-government-institutions\/","url":"https:\/\/datos.azuolynobiblioteka.lt\/en\/evolution-of-kaunas-self-government-institutions\/","name":"Evolution of Kaunas \u2013 Kaunas: dates and facts. Electronic directory","isPartOf":{"@id":"https:\/\/datos.azuolynobiblioteka.lt\/#website"},"datePublished":"2018-09-09T17:08:41+00:00","dateModified":"2019-10-31T14:08:01+00:00","description":"Detailed information on the evolution of Kaunas Self-Government Institutions.","breadcrumb":{"@id":"https:\/\/datos.azuolynobiblioteka.lt\/en\/evolution-of-kaunas-self-government-institutions\/#breadcrumb"},"inLanguage":"en-US","potentialAction":[{"@type":"ReadAction","target":["https:\/\/datos.azuolynobiblioteka.lt\/en\/evolution-of-kaunas-self-government-institutions\/"]}]},{"@type":"BreadcrumbList","@id":"https:\/\/datos.azuolynobiblioteka.lt\/en\/evolution-of-kaunas-self-government-institutions\/#breadcrumb","itemListElement":[{"@type":"ListItem","position":1,"name":"Home","item":"https:\/\/datos.azuolynobiblioteka.lt\/en\/"},{"@type":"ListItem","position":2,"name":"Evolution of Kaunas Self-Government Institutions"}]},{"@type":"WebSite","@id":"https:\/\/datos.azuolynobiblioteka.lt\/#website","url":"https:\/\/datos.azuolynobiblioteka.lt\/","name":"Kauno apskrities vie\u0161oji \u0104\u017euolyno biblioteka","description":"Kauno istorijos datos ir faktai","publisher":{"@id":"https:\/\/datos.azuolynobiblioteka.lt\/#organization"},"potentialAction":[{"@type":"SearchAction","target":{"@type":"EntryPoint","urlTemplate":"https:\/\/datos.azuolynobiblioteka.lt\/?s={search_term_string}"},"query-input":{"@type":"PropertyValueSpecification","valueRequired":true,"valueName":"search_term_string"}}],"inLanguage":"en-US"},{"@type":"Organization","@id":"https:\/\/datos.azuolynobiblioteka.lt\/#organization","name":"Kauno apskrities vie\u0161oji \u0104\u017euolyno biblioteka","url":"https:\/\/datos.azuolynobiblioteka.lt\/","logo":{"@type":"ImageObject","inLanguage":"en-US","@id":"https:\/\/datos.azuolynobiblioteka.lt\/#\/schema\/logo\/image\/","url":"https:\/\/datos.azuolynobiblioteka.lt\/wp-content\/uploads\/2024\/03\/azuolyno_biblioteka_logo_horizontalus_zalias_skaidrus.png","contentUrl":"https:\/\/datos.azuolynobiblioteka.lt\/wp-content\/uploads\/2024\/03\/azuolyno_biblioteka_logo_horizontalus_zalias_skaidrus.png","width":1200,"height":521,"caption":"Kauno apskrities vie\u0161oji \u0104\u017euolyno biblioteka"},"image":{"@id":"https:\/\/datos.azuolynobiblioteka.lt\/#\/schema\/logo\/image\/"}}]}},"_links":{"self":[{"href":"https:\/\/datos.azuolynobiblioteka.lt\/en\/wp-json\/wp\/v2\/pages\/4128","targetHints":{"allow":["GET"]}}],"collection":[{"href":"https:\/\/datos.azuolynobiblioteka.lt\/en\/wp-json\/wp\/v2\/pages"}],"about":[{"href":"https:\/\/datos.azuolynobiblioteka.lt\/en\/wp-json\/wp\/v2\/types\/page"}],"author":[{"embeddable":true,"href":"https:\/\/datos.azuolynobiblioteka.lt\/en\/wp-json\/wp\/v2\/users\/2"}],"replies":[{"embeddable":true,"href":"https:\/\/datos.azuolynobiblioteka.lt\/en\/wp-json\/wp\/v2\/comments?post=4128"}],"version-history":[{"count":11,"href":"https:\/\/datos.azuolynobiblioteka.lt\/en\/wp-json\/wp\/v2\/pages\/4128\/revisions"}],"predecessor-version":[{"id":14480,"href":"https:\/\/datos.azuolynobiblioteka.lt\/en\/wp-json\/wp\/v2\/pages\/4128\/revisions\/14480"}],"wp:attachment":[{"href":"https:\/\/datos.azuolynobiblioteka.lt\/en\/wp-json\/wp\/v2\/media?parent=4128"}],"curies":[{"name":"wp","href":"https:\/\/api.w.org\/{rel}","templated":true}]}}