{"id":4132,"date":"2018-09-06T06:16:33","date_gmt":"2018-09-06T08:16:33","guid":{"rendered":"https:\/\/datos.azuolynobiblioteka.lt\/apie-zinyna\/"},"modified":"2025-01-02T06:35:10","modified_gmt":"2025-01-02T08:35:10","slug":"about-directory","status":"publish","type":"page","link":"https:\/\/datos.azuolynobiblioteka.lt\/en\/about-directory\/","title":{"rendered":"About directory"},"content":{"rendered":"<p>In 2007, the\u00a0Kaunas Studies\u00a0Group of Kaunas County Public Oak Grove Library started developing an electronic directory,\u00a0Kaunas: Dates and Facts. Its aim is to create an easily accessible e-directory, attractively presenting systematic textual and visual information about Kaunas* \u2013 from its origins to the present. The e-directory is being developed in collaboration with research institutions and experts, as well as museums, archives and owners of collections.<\/p>\n<p>All the materials contained on this site may not be reproduced, distributed, transmitted, displayed, published or broadcast without the prior written permission of the Oak Grove Library or in the case of third party materials, the owner of that content. You may not alter or remove any trademark, copyright or other notice from copies of the content. In case of using the materials from this site the source must be provided.<\/p>\n<p>The e-directory is primarily targeted at those who have no direct access to the library, museum, or guide services. Its users represent different social groups and occupations, foreigners who come to Kaunas for studies or work, Lithuanian emigrants, etc<\/p>\n<p>Sometimes it is difficult to determine exact dates. Quite often, various sources quote them differently. The authors of the e-directory, having access to the unique document file containing 600,000 references to Kaunas Studies, select the sources, point out the primary sources or scientific references, as well as website addresses that would encourage the user for further studies, whenever possible. Informative illustrations of facts have been taken not only from the Oak Grove Library stocks, but also from other institutions such as Vytautas The Great War Museum, Kaunas City Museum, Lithuanian Museum of Medicine and Pharmacy and personal collections. The authors have consulted with historians Rasa Varsackyt\u0117, Liudas Glem\u017ea, Mindaugas Berta\u0161ius, and others.<\/p>\n<ul>\n<li>\u00a0asterisk (*) marks the dates which have been quoted differently in different sources.<\/li>\n<li>E-directory contains links to the dates of other historical periods.<\/li>\n<li>You can search by\u00a0key words\u00a0(singular),\u00a0dates\u00a0(year, century), and\u00a0any word\u00a0(or fragment).<\/li>\n<\/ul>\n<p>The e-directory is being regularly updated and supplemented with new textual and visual information, references; inaccurate facts are being corrected.<br \/>\nOn the title page \u2013 the view of Kaunas Old Town from Liksmadvaris. Painter Napoleonas Orda. 1875. [Napoleonas Orda: Senosios Lietuvos architekt\u016bros peiza\u017eai \/ Vytautas Levandauskas, Renata Vai\u010dekonyt\u0117-Kepe\u017einskien\u0117. \u2013 Vilnius, 2006. \u2013 P. 78.]. (The original is in Cracow National Museum).<\/p>\n<p><em>*Kaunas, Kowno, Kovne, Kovna, Kauen<\/em><\/p>\n","protected":false},"excerpt":{"rendered":"<p>In 2007, the\u00a0Kaunas Studies\u00a0Group of Kaunas County Public Oak Grove Library started developing an electronic directory,\u00a0Kaunas: Dates and Facts. Its aim is to create an easily accessible e-directory, attractively presenting systematic textual and visual information about Kaunas* \u2013 from its origins to the present. The e-directory is being developed in collaboration with research institutions and [&hellip;]<\/p>\n","protected":false},"author":4,"featured_media":0,"parent":0,"menu_order":0,"comment_status":"closed","ping_status":"closed","template":"templates\/reference-book.php","meta":{"_acf_changed":false,"footnotes":""},"class_list":["post-4132","page","type-page","status-publish","hentry"],"acf":[],"yoast_head":"<!-- This site is optimized with the Yoast SEO plugin v27.2 - https:\/\/yoast.com\/product\/yoast-seo-wordpress\/ -->\n<title>About directory \u2013 Kaunas: dates and facts. Electronic directory<\/title>\n<meta name=\"description\" content=\"Electronic directory,\u00a0Kaunas: Dates and Facts \u2013 easily accessible, attractively and systematically presented, textual and visual information about Kaunas.\" \/>\n<meta name=\"robots\" content=\"index, follow, max-snippet:-1, max-image-preview:large, max-video-preview:-1\" \/>\n<link rel=\"canonical\" href=\"https:\/\/datos.azuolynobiblioteka.lt\/en\/about-directory\/\" \/>\n<meta property=\"og:locale\" content=\"en_US\" \/>\n<meta property=\"og:type\" content=\"article\" \/>\n<meta property=\"og:title\" content=\"About directory \u2013 Kaunas: dates and facts. Electronic directory\" \/>\n<meta property=\"og:description\" content=\"Electronic directory,\u00a0Kaunas: Dates and Facts \u2013 easily accessible, attractively and systematically presented, textual and visual information about Kaunas.\" \/>\n<meta property=\"og:url\" content=\"https:\/\/datos.azuolynobiblioteka.lt\/en\/about-directory\/\" \/>\n<meta property=\"og:site_name\" content=\"Kauno apskrities vie\u0161oji \u0104\u017euolyno biblioteka\" \/>\n<meta property=\"article:modified_time\" content=\"2025-01-02T08:35:10+00:00\" \/>\n<meta name=\"twitter:card\" content=\"summary_large_image\" \/>\n<meta name=\"twitter:label1\" content=\"Est. reading time\" \/>\n\t<meta name=\"twitter:data1\" content=\"2 minutes\" \/>\n<script type=\"application\/ld+json\" class=\"yoast-schema-graph\">{\"@context\":\"https:\/\/schema.org\",\"@graph\":[{\"@type\":\"WebPage\",\"@id\":\"https:\/\/datos.azuolynobiblioteka.lt\/en\/about-directory\/\",\"url\":\"https:\/\/datos.azuolynobiblioteka.lt\/en\/about-directory\/\",\"name\":\"About directory \u2013 Kaunas: dates and facts. Electronic directory\",\"isPartOf\":{\"@id\":\"https:\/\/datos.azuolynobiblioteka.lt\/#website\"},\"datePublished\":\"2018-09-06T08:16:33+00:00\",\"dateModified\":\"2025-01-02T08:35:10+00:00\",\"description\":\"Electronic directory,\u00a0Kaunas: Dates and Facts \u2013 easily accessible, attractively and systematically presented, textual and visual information about Kaunas.\",\"breadcrumb\":{\"@id\":\"https:\/\/datos.azuolynobiblioteka.lt\/en\/about-directory\/#breadcrumb\"},\"inLanguage\":\"en-US\",\"potentialAction\":[{\"@type\":\"ReadAction\",\"target\":[\"https:\/\/datos.azuolynobiblioteka.lt\/en\/about-directory\/\"]}]},{\"@type\":\"BreadcrumbList\",\"@id\":\"https:\/\/datos.azuolynobiblioteka.lt\/en\/about-directory\/#breadcrumb\",\"itemListElement\":[{\"@type\":\"ListItem\",\"position\":1,\"name\":\"Home\",\"item\":\"https:\/\/datos.azuolynobiblioteka.lt\/en\/\"},{\"@type\":\"ListItem\",\"position\":2,\"name\":\"About directory\"}]},{\"@type\":\"WebSite\",\"@id\":\"https:\/\/datos.azuolynobiblioteka.lt\/#website\",\"url\":\"https:\/\/datos.azuolynobiblioteka.lt\/\",\"name\":\"Kauno apskrities vie\u0161oji \u0104\u017euolyno biblioteka\",\"description\":\"Kauno istorijos datos ir faktai\",\"publisher\":{\"@id\":\"https:\/\/datos.azuolynobiblioteka.lt\/#organization\"},\"potentialAction\":[{\"@type\":\"SearchAction\",\"target\":{\"@type\":\"EntryPoint\",\"urlTemplate\":\"https:\/\/datos.azuolynobiblioteka.lt\/?s={search_term_string}\"},\"query-input\":{\"@type\":\"PropertyValueSpecification\",\"valueRequired\":true,\"valueName\":\"search_term_string\"}}],\"inLanguage\":\"en-US\"},{\"@type\":\"Organization\",\"@id\":\"https:\/\/datos.azuolynobiblioteka.lt\/#organization\",\"name\":\"Kauno apskrities vie\u0161oji \u0104\u017euolyno biblioteka\",\"url\":\"https:\/\/datos.azuolynobiblioteka.lt\/\",\"logo\":{\"@type\":\"ImageObject\",\"inLanguage\":\"en-US\",\"@id\":\"https:\/\/datos.azuolynobiblioteka.lt\/#\/schema\/logo\/image\/\",\"url\":\"https:\/\/datos.azuolynobiblioteka.lt\/wp-content\/uploads\/2024\/03\/azuolyno_biblioteka_logo_horizontalus_zalias_skaidrus.png\",\"contentUrl\":\"https:\/\/datos.azuolynobiblioteka.lt\/wp-content\/uploads\/2024\/03\/azuolyno_biblioteka_logo_horizontalus_zalias_skaidrus.png\",\"width\":1200,\"height\":521,\"caption\":\"Kauno apskrities vie\u0161oji \u0104\u017euolyno biblioteka\"},\"image\":{\"@id\":\"https:\/\/datos.azuolynobiblioteka.lt\/#\/schema\/logo\/image\/\"}}]}<\/script>\n<!-- \/ Yoast SEO plugin. -->","yoast_head_json":{"title":"About directory \u2013 Kaunas: dates and facts. Electronic directory","description":"Electronic directory,\u00a0Kaunas: Dates and Facts \u2013 easily accessible, attractively and systematically presented, textual and visual information about Kaunas.","robots":{"index":"index","follow":"follow","max-snippet":"max-snippet:-1","max-image-preview":"max-image-preview:large","max-video-preview":"max-video-preview:-1"},"canonical":"https:\/\/datos.azuolynobiblioteka.lt\/en\/about-directory\/","og_locale":"en_US","og_type":"article","og_title":"About directory \u2013 Kaunas: dates and facts. Electronic directory","og_description":"Electronic directory,\u00a0Kaunas: Dates and Facts \u2013 easily accessible, attractively and systematically presented, textual and visual information about Kaunas.","og_url":"https:\/\/datos.azuolynobiblioteka.lt\/en\/about-directory\/","og_site_name":"Kauno apskrities vie\u0161oji \u0104\u017euolyno biblioteka","article_modified_time":"2025-01-02T08:35:10+00:00","twitter_card":"summary_large_image","twitter_misc":{"Est. reading time":"2 minutes"},"schema":{"@context":"https:\/\/schema.org","@graph":[{"@type":"WebPage","@id":"https:\/\/datos.azuolynobiblioteka.lt\/en\/about-directory\/","url":"https:\/\/datos.azuolynobiblioteka.lt\/en\/about-directory\/","name":"About directory \u2013 Kaunas: dates and facts. Electronic directory","isPartOf":{"@id":"https:\/\/datos.azuolynobiblioteka.lt\/#website"},"datePublished":"2018-09-06T08:16:33+00:00","dateModified":"2025-01-02T08:35:10+00:00","description":"Electronic directory,\u00a0Kaunas: Dates and Facts \u2013 easily accessible, attractively and systematically presented, textual and visual information about Kaunas.","breadcrumb":{"@id":"https:\/\/datos.azuolynobiblioteka.lt\/en\/about-directory\/#breadcrumb"},"inLanguage":"en-US","potentialAction":[{"@type":"ReadAction","target":["https:\/\/datos.azuolynobiblioteka.lt\/en\/about-directory\/"]}]},{"@type":"BreadcrumbList","@id":"https:\/\/datos.azuolynobiblioteka.lt\/en\/about-directory\/#breadcrumb","itemListElement":[{"@type":"ListItem","position":1,"name":"Home","item":"https:\/\/datos.azuolynobiblioteka.lt\/en\/"},{"@type":"ListItem","position":2,"name":"About directory"}]},{"@type":"WebSite","@id":"https:\/\/datos.azuolynobiblioteka.lt\/#website","url":"https:\/\/datos.azuolynobiblioteka.lt\/","name":"Kauno apskrities vie\u0161oji \u0104\u017euolyno biblioteka","description":"Kauno istorijos datos ir faktai","publisher":{"@id":"https:\/\/datos.azuolynobiblioteka.lt\/#organization"},"potentialAction":[{"@type":"SearchAction","target":{"@type":"EntryPoint","urlTemplate":"https:\/\/datos.azuolynobiblioteka.lt\/?s={search_term_string}"},"query-input":{"@type":"PropertyValueSpecification","valueRequired":true,"valueName":"search_term_string"}}],"inLanguage":"en-US"},{"@type":"Organization","@id":"https:\/\/datos.azuolynobiblioteka.lt\/#organization","name":"Kauno apskrities vie\u0161oji \u0104\u017euolyno biblioteka","url":"https:\/\/datos.azuolynobiblioteka.lt\/","logo":{"@type":"ImageObject","inLanguage":"en-US","@id":"https:\/\/datos.azuolynobiblioteka.lt\/#\/schema\/logo\/image\/","url":"https:\/\/datos.azuolynobiblioteka.lt\/wp-content\/uploads\/2024\/03\/azuolyno_biblioteka_logo_horizontalus_zalias_skaidrus.png","contentUrl":"https:\/\/datos.azuolynobiblioteka.lt\/wp-content\/uploads\/2024\/03\/azuolyno_biblioteka_logo_horizontalus_zalias_skaidrus.png","width":1200,"height":521,"caption":"Kauno apskrities vie\u0161oji \u0104\u017euolyno biblioteka"},"image":{"@id":"https:\/\/datos.azuolynobiblioteka.lt\/#\/schema\/logo\/image\/"}}]}},"_links":{"self":[{"href":"https:\/\/datos.azuolynobiblioteka.lt\/en\/wp-json\/wp\/v2\/pages\/4132","targetHints":{"allow":["GET"]}}],"collection":[{"href":"https:\/\/datos.azuolynobiblioteka.lt\/en\/wp-json\/wp\/v2\/pages"}],"about":[{"href":"https:\/\/datos.azuolynobiblioteka.lt\/en\/wp-json\/wp\/v2\/types\/page"}],"author":[{"embeddable":true,"href":"https:\/\/datos.azuolynobiblioteka.lt\/en\/wp-json\/wp\/v2\/users\/4"}],"replies":[{"embeddable":true,"href":"https:\/\/datos.azuolynobiblioteka.lt\/en\/wp-json\/wp\/v2\/comments?post=4132"}],"version-history":[{"count":13,"href":"https:\/\/datos.azuolynobiblioteka.lt\/en\/wp-json\/wp\/v2\/pages\/4132\/revisions"}],"predecessor-version":[{"id":18852,"href":"https:\/\/datos.azuolynobiblioteka.lt\/en\/wp-json\/wp\/v2\/pages\/4132\/revisions\/18852"}],"wp:attachment":[{"href":"https:\/\/datos.azuolynobiblioteka.lt\/en\/wp-json\/wp\/v2\/media?parent=4132"}],"curies":[{"name":"wp","href":"https:\/\/api.w.org\/{rel}","templated":true}]}}