{"id":4254,"date":"2018-09-06T06:17:04","date_gmt":"2018-09-06T08:17:04","guid":{"rendered":"https:\/\/datos.azuolynobiblioteka.lt\/laikotarpiai\/"},"modified":"2018-10-18T07:21:20","modified_gmt":"2018-10-18T09:21:20","slug":"periods","status":"publish","type":"page","link":"https:\/\/datos.azuolynobiblioteka.lt\/en\/periods\/","title":{"rendered":"History by Period"},"content":{"rendered":"<p>Here are presented the main dates and facts of Kaunas history chronologically divided into 8 historical periods according to the historical stages of Lithuania. The information is collected and systematised from the various sources about the most important events of Kaunas history, the most significant achievements of Kaunas in every historical period. The brief descriptions of the dates and facts are supplemented with illustrations, sources and references. The related dates and facts of Kaunas history are merged with references.<\/p>\n","protected":false},"excerpt":{"rendered":"<p>Here are presented the main dates and facts of Kaunas history chronologically divided into 8 historical periods according to the historical stages of Lithuania. The information is collected and systematised from the various sources about the most important events of Kaunas history, the most significant achievements of Kaunas in every historical period. The brief descriptions [&hellip;]<\/p>\n","protected":false},"author":4,"featured_media":0,"parent":0,"menu_order":0,"comment_status":"closed","ping_status":"closed","template":"templates\/periods.php","meta":{"_acf_changed":false,"footnotes":""},"class_list":["post-4254","page","type-page","status-publish","hentry"],"acf":[],"yoast_head":"<!-- This site is optimized with the Yoast SEO plugin v27.3 - https:\/\/yoast.com\/product\/yoast-seo-wordpress\/ -->\n<title>History by Periods \u2013 Kaunas: dates and facts. Electronic directory<\/title>\n<meta name=\"description\" content=\"The main dates and facts of Kaunas history chronologically divided into 8 historical periods according to the historical stages of Lithuania.\" \/>\n<meta name=\"robots\" content=\"index, follow, max-snippet:-1, max-image-preview:large, max-video-preview:-1\" \/>\n<link rel=\"canonical\" href=\"https:\/\/datos.azuolynobiblioteka.lt\/en\/periods\/\" \/>\n<meta property=\"og:locale\" content=\"en_US\" \/>\n<meta property=\"og:type\" content=\"article\" \/>\n<meta property=\"og:title\" content=\"History by Periods \u2013 Kaunas: dates and facts. Electronic directory\" \/>\n<meta property=\"og:description\" content=\"The main dates and facts of Kaunas history chronologically divided into 8 historical periods according to the historical stages of Lithuania.\" \/>\n<meta property=\"og:url\" content=\"https:\/\/datos.azuolynobiblioteka.lt\/en\/periods\/\" \/>\n<meta property=\"og:site_name\" content=\"Kauno apskrities vie\u0161oji \u0104\u017euolyno biblioteka\" \/>\n<meta property=\"article:modified_time\" content=\"2018-10-18T09:21:20+00:00\" \/>\n<meta name=\"twitter:card\" content=\"summary_large_image\" \/>\n<script type=\"application\/ld+json\" class=\"yoast-schema-graph\">{\"@context\":\"https:\\\/\\\/schema.org\",\"@graph\":[{\"@type\":\"WebPage\",\"@id\":\"https:\\\/\\\/datos.azuolynobiblioteka.lt\\\/en\\\/periods\\\/\",\"url\":\"https:\\\/\\\/datos.azuolynobiblioteka.lt\\\/en\\\/periods\\\/\",\"name\":\"History by Periods \u2013 Kaunas: dates and facts. Electronic directory\",\"isPartOf\":{\"@id\":\"https:\\\/\\\/datos.azuolynobiblioteka.lt\\\/#website\"},\"datePublished\":\"2018-09-06T08:17:04+00:00\",\"dateModified\":\"2018-10-18T09:21:20+00:00\",\"description\":\"The main dates and facts of Kaunas history chronologically divided into 8 historical periods according to the historical stages of Lithuania.\",\"breadcrumb\":{\"@id\":\"https:\\\/\\\/datos.azuolynobiblioteka.lt\\\/en\\\/periods\\\/#breadcrumb\"},\"inLanguage\":\"en-US\",\"potentialAction\":[{\"@type\":\"ReadAction\",\"target\":[\"https:\\\/\\\/datos.azuolynobiblioteka.lt\\\/en\\\/periods\\\/\"]}]},{\"@type\":\"BreadcrumbList\",\"@id\":\"https:\\\/\\\/datos.azuolynobiblioteka.lt\\\/en\\\/periods\\\/#breadcrumb\",\"itemListElement\":[{\"@type\":\"ListItem\",\"position\":1,\"name\":\"Home\",\"item\":\"https:\\\/\\\/datos.azuolynobiblioteka.lt\\\/en\\\/\"},{\"@type\":\"ListItem\",\"position\":2,\"name\":\"History by Period\"}]},{\"@type\":\"WebSite\",\"@id\":\"https:\\\/\\\/datos.azuolynobiblioteka.lt\\\/#website\",\"url\":\"https:\\\/\\\/datos.azuolynobiblioteka.lt\\\/\",\"name\":\"Kauno apskrities vie\u0161oji \u0104\u017euolyno biblioteka\",\"description\":\"Kauno istorijos datos ir faktai\",\"publisher\":{\"@id\":\"https:\\\/\\\/datos.azuolynobiblioteka.lt\\\/#organization\"},\"potentialAction\":[{\"@type\":\"SearchAction\",\"target\":{\"@type\":\"EntryPoint\",\"urlTemplate\":\"https:\\\/\\\/datos.azuolynobiblioteka.lt\\\/?s={search_term_string}\"},\"query-input\":{\"@type\":\"PropertyValueSpecification\",\"valueRequired\":true,\"valueName\":\"search_term_string\"}}],\"inLanguage\":\"en-US\"},{\"@type\":\"Organization\",\"@id\":\"https:\\\/\\\/datos.azuolynobiblioteka.lt\\\/#organization\",\"name\":\"Kauno apskrities vie\u0161oji \u0104\u017euolyno biblioteka\",\"url\":\"https:\\\/\\\/datos.azuolynobiblioteka.lt\\\/\",\"logo\":{\"@type\":\"ImageObject\",\"inLanguage\":\"en-US\",\"@id\":\"https:\\\/\\\/datos.azuolynobiblioteka.lt\\\/#\\\/schema\\\/logo\\\/image\\\/\",\"url\":\"https:\\\/\\\/datos.azuolynobiblioteka.lt\\\/wp-content\\\/uploads\\\/2024\\\/03\\\/azuolyno_biblioteka_logo_horizontalus_zalias_skaidrus.png\",\"contentUrl\":\"https:\\\/\\\/datos.azuolynobiblioteka.lt\\\/wp-content\\\/uploads\\\/2024\\\/03\\\/azuolyno_biblioteka_logo_horizontalus_zalias_skaidrus.png\",\"width\":1200,\"height\":521,\"caption\":\"Kauno apskrities vie\u0161oji \u0104\u017euolyno biblioteka\"},\"image\":{\"@id\":\"https:\\\/\\\/datos.azuolynobiblioteka.lt\\\/#\\\/schema\\\/logo\\\/image\\\/\"}}]}<\/script>\n<!-- \/ Yoast SEO plugin. -->","yoast_head_json":{"title":"History by Periods \u2013 Kaunas: dates and facts. Electronic directory","description":"The main dates and facts of Kaunas history chronologically divided into 8 historical periods according to the historical stages of Lithuania.","robots":{"index":"index","follow":"follow","max-snippet":"max-snippet:-1","max-image-preview":"max-image-preview:large","max-video-preview":"max-video-preview:-1"},"canonical":"https:\/\/datos.azuolynobiblioteka.lt\/en\/periods\/","og_locale":"en_US","og_type":"article","og_title":"History by Periods \u2013 Kaunas: dates and facts. Electronic directory","og_description":"The main dates and facts of Kaunas history chronologically divided into 8 historical periods according to the historical stages of Lithuania.","og_url":"https:\/\/datos.azuolynobiblioteka.lt\/en\/periods\/","og_site_name":"Kauno apskrities vie\u0161oji \u0104\u017euolyno biblioteka","article_modified_time":"2018-10-18T09:21:20+00:00","twitter_card":"summary_large_image","schema":{"@context":"https:\/\/schema.org","@graph":[{"@type":"WebPage","@id":"https:\/\/datos.azuolynobiblioteka.lt\/en\/periods\/","url":"https:\/\/datos.azuolynobiblioteka.lt\/en\/periods\/","name":"History by Periods \u2013 Kaunas: dates and facts. Electronic directory","isPartOf":{"@id":"https:\/\/datos.azuolynobiblioteka.lt\/#website"},"datePublished":"2018-09-06T08:17:04+00:00","dateModified":"2018-10-18T09:21:20+00:00","description":"The main dates and facts of Kaunas history chronologically divided into 8 historical periods according to the historical stages of Lithuania.","breadcrumb":{"@id":"https:\/\/datos.azuolynobiblioteka.lt\/en\/periods\/#breadcrumb"},"inLanguage":"en-US","potentialAction":[{"@type":"ReadAction","target":["https:\/\/datos.azuolynobiblioteka.lt\/en\/periods\/"]}]},{"@type":"BreadcrumbList","@id":"https:\/\/datos.azuolynobiblioteka.lt\/en\/periods\/#breadcrumb","itemListElement":[{"@type":"ListItem","position":1,"name":"Home","item":"https:\/\/datos.azuolynobiblioteka.lt\/en\/"},{"@type":"ListItem","position":2,"name":"History by Period"}]},{"@type":"WebSite","@id":"https:\/\/datos.azuolynobiblioteka.lt\/#website","url":"https:\/\/datos.azuolynobiblioteka.lt\/","name":"Kauno apskrities vie\u0161oji \u0104\u017euolyno biblioteka","description":"Kauno istorijos datos ir faktai","publisher":{"@id":"https:\/\/datos.azuolynobiblioteka.lt\/#organization"},"potentialAction":[{"@type":"SearchAction","target":{"@type":"EntryPoint","urlTemplate":"https:\/\/datos.azuolynobiblioteka.lt\/?s={search_term_string}"},"query-input":{"@type":"PropertyValueSpecification","valueRequired":true,"valueName":"search_term_string"}}],"inLanguage":"en-US"},{"@type":"Organization","@id":"https:\/\/datos.azuolynobiblioteka.lt\/#organization","name":"Kauno apskrities vie\u0161oji \u0104\u017euolyno biblioteka","url":"https:\/\/datos.azuolynobiblioteka.lt\/","logo":{"@type":"ImageObject","inLanguage":"en-US","@id":"https:\/\/datos.azuolynobiblioteka.lt\/#\/schema\/logo\/image\/","url":"https:\/\/datos.azuolynobiblioteka.lt\/wp-content\/uploads\/2024\/03\/azuolyno_biblioteka_logo_horizontalus_zalias_skaidrus.png","contentUrl":"https:\/\/datos.azuolynobiblioteka.lt\/wp-content\/uploads\/2024\/03\/azuolyno_biblioteka_logo_horizontalus_zalias_skaidrus.png","width":1200,"height":521,"caption":"Kauno apskrities vie\u0161oji \u0104\u017euolyno biblioteka"},"image":{"@id":"https:\/\/datos.azuolynobiblioteka.lt\/#\/schema\/logo\/image\/"}}]}},"_links":{"self":[{"href":"https:\/\/datos.azuolynobiblioteka.lt\/en\/wp-json\/wp\/v2\/pages\/4254","targetHints":{"allow":["GET"]}}],"collection":[{"href":"https:\/\/datos.azuolynobiblioteka.lt\/en\/wp-json\/wp\/v2\/pages"}],"about":[{"href":"https:\/\/datos.azuolynobiblioteka.lt\/en\/wp-json\/wp\/v2\/types\/page"}],"author":[{"embeddable":true,"href":"https:\/\/datos.azuolynobiblioteka.lt\/en\/wp-json\/wp\/v2\/users\/4"}],"replies":[{"embeddable":true,"href":"https:\/\/datos.azuolynobiblioteka.lt\/en\/wp-json\/wp\/v2\/comments?post=4254"}],"version-history":[{"count":3,"href":"https:\/\/datos.azuolynobiblioteka.lt\/en\/wp-json\/wp\/v2\/pages\/4254\/revisions"}],"predecessor-version":[{"id":4649,"href":"https:\/\/datos.azuolynobiblioteka.lt\/en\/wp-json\/wp\/v2\/pages\/4254\/revisions\/4649"}],"wp:attachment":[{"href":"https:\/\/datos.azuolynobiblioteka.lt\/en\/wp-json\/wp\/v2\/media?parent=4254"}],"curies":[{"name":"wp","href":"https:\/\/api.w.org\/{rel}","templated":true}]}}