{"id":4716,"date":"2018-09-10T13:47:01","date_gmt":"2018-09-10T15:47:01","guid":{"rendered":"https:\/\/datos.azuolynobiblioteka.lt\/privatumo-politika\/"},"modified":"2018-10-05T11:36:31","modified_gmt":"2018-10-05T13:36:31","slug":"privacy-policy","status":"publish","type":"page","link":"https:\/\/datos.azuolynobiblioteka.lt\/en\/privacy-policy\/","title":{"rendered":"Privacy policy"},"content":{"rendered":"<p><strong>What is a cookie?<\/strong><\/p>\n<p>Cookies are called information items that are transferred from the website to your computer&#8217;s hard drive. These are small information files that allow websites to save and re-access information about user\u2018s browsing habits. Cookies have been created as a reliable way for websites to remember your information: follow user\u2018s browsing activity, including button clicks, login to the site or find out which pages were visited at the latest. They can also be used to remember the fields of a previously filled form: first name, last name, address, password, etc.<\/p>\n<p>Cookies are used by most websites as they are one of the many tools that help to tailor web content to users\u2018 needs.<\/p>\n<p>Cookies are used on the all websites of Kaunas County Public Library:<\/p>\n<ul>\n<li>Save your settings. Cookies save certain settings on your computer so your site can run faster.<\/li>\n<li>To capture the number of visits. Data is collected on the basis of statistics.<\/li>\n<\/ul>\n<p><strong>Remove cookies<\/strong><\/p>\n<p>Standard browser settings allow cookies to be received, but the user can set his browser so that cookies are not accepted, or if you change your browser settings, you can cancel the consent and remove the saved cookies. In this case, the user may not be able to access the usual services and the web browser may not work properly.<\/p>\n<p>The users of the mobile devices should follow device settings to disable the collection of cookies.<\/p>\n","protected":false},"excerpt":{"rendered":"<p>What is a cookie? Cookies are called information items that are transferred from the website to your computer&#8217;s hard drive. These are small information files that allow websites to save and re-access information about user\u2018s browsing habits. Cookies have been created as a reliable way for websites to remember your information: follow user\u2018s browsing activity, [&hellip;]<\/p>\n","protected":false},"author":2,"featured_media":0,"parent":0,"menu_order":0,"comment_status":"closed","ping_status":"closed","template":"","meta":{"_acf_changed":false,"footnotes":""},"class_list":["post-4716","page","type-page","status-publish","hentry"],"acf":[],"yoast_head":"<!-- This site is optimized with the Yoast SEO plugin v27.5 - https:\/\/yoast.com\/product\/yoast-seo-wordpress\/ -->\n<title>Privacy policy \u2013 Kaunas: dates and facts. Electronic directory<\/title>\n<meta name=\"description\" content=\"To improve the quality of your browsing experience, we use cookies that you can cancel at any time. Learn more at Privacy policy.\" \/>\n<meta name=\"robots\" content=\"index, follow, max-snippet:-1, max-image-preview:large, max-video-preview:-1\" \/>\n<link rel=\"canonical\" href=\"https:\/\/datos.azuolynobiblioteka.lt\/en\/privacy-policy\/\" \/>\n<meta property=\"og:locale\" content=\"en_US\" \/>\n<meta property=\"og:type\" content=\"article\" \/>\n<meta property=\"og:title\" content=\"Privacy policy \u2013 Kaunas: dates and facts. Electronic directory\" \/>\n<meta property=\"og:description\" content=\"To improve the quality of your browsing experience, we use cookies that you can cancel at any time. Learn more at Privacy policy.\" \/>\n<meta property=\"og:url\" content=\"https:\/\/datos.azuolynobiblioteka.lt\/en\/privacy-policy\/\" \/>\n<meta property=\"og:site_name\" content=\"Kauno apskrities vie\u0161oji \u0104\u017euolyno biblioteka\" \/>\n<meta property=\"article:modified_time\" content=\"2018-10-05T13:36:31+00:00\" \/>\n<meta name=\"twitter:card\" content=\"summary_large_image\" \/>\n<meta name=\"twitter:label1\" content=\"Est. reading time\" \/>\n\t<meta name=\"twitter:data1\" content=\"1 minute\" \/>\n<script type=\"application\/ld+json\" class=\"yoast-schema-graph\">{\"@context\":\"https:\\\/\\\/schema.org\",\"@graph\":[{\"@type\":\"WebPage\",\"@id\":\"https:\\\/\\\/datos.azuolynobiblioteka.lt\\\/en\\\/privacy-policy\\\/\",\"url\":\"https:\\\/\\\/datos.azuolynobiblioteka.lt\\\/en\\\/privacy-policy\\\/\",\"name\":\"Privacy policy \u2013 Kaunas: dates and facts. Electronic directory\",\"isPartOf\":{\"@id\":\"https:\\\/\\\/datos.azuolynobiblioteka.lt\\\/#website\"},\"datePublished\":\"2018-09-10T15:47:01+00:00\",\"dateModified\":\"2018-10-05T13:36:31+00:00\",\"description\":\"To improve the quality of your browsing experience, we use cookies that you can cancel at any time. Learn more at Privacy policy.\",\"breadcrumb\":{\"@id\":\"https:\\\/\\\/datos.azuolynobiblioteka.lt\\\/en\\\/privacy-policy\\\/#breadcrumb\"},\"inLanguage\":\"en-US\",\"potentialAction\":[{\"@type\":\"ReadAction\",\"target\":[\"https:\\\/\\\/datos.azuolynobiblioteka.lt\\\/en\\\/privacy-policy\\\/\"]}]},{\"@type\":\"BreadcrumbList\",\"@id\":\"https:\\\/\\\/datos.azuolynobiblioteka.lt\\\/en\\\/privacy-policy\\\/#breadcrumb\",\"itemListElement\":[{\"@type\":\"ListItem\",\"position\":1,\"name\":\"Home\",\"item\":\"https:\\\/\\\/datos.azuolynobiblioteka.lt\\\/en\\\/\"},{\"@type\":\"ListItem\",\"position\":2,\"name\":\"Privacy policy\"}]},{\"@type\":\"WebSite\",\"@id\":\"https:\\\/\\\/datos.azuolynobiblioteka.lt\\\/#website\",\"url\":\"https:\\\/\\\/datos.azuolynobiblioteka.lt\\\/\",\"name\":\"Kauno apskrities vie\u0161oji \u0104\u017euolyno biblioteka\",\"description\":\"Kauno istorijos datos ir faktai\",\"publisher\":{\"@id\":\"https:\\\/\\\/datos.azuolynobiblioteka.lt\\\/#organization\"},\"potentialAction\":[{\"@type\":\"SearchAction\",\"target\":{\"@type\":\"EntryPoint\",\"urlTemplate\":\"https:\\\/\\\/datos.azuolynobiblioteka.lt\\\/?s={search_term_string}\"},\"query-input\":{\"@type\":\"PropertyValueSpecification\",\"valueRequired\":true,\"valueName\":\"search_term_string\"}}],\"inLanguage\":\"en-US\"},{\"@type\":\"Organization\",\"@id\":\"https:\\\/\\\/datos.azuolynobiblioteka.lt\\\/#organization\",\"name\":\"Kauno apskrities vie\u0161oji \u0104\u017euolyno biblioteka\",\"url\":\"https:\\\/\\\/datos.azuolynobiblioteka.lt\\\/\",\"logo\":{\"@type\":\"ImageObject\",\"inLanguage\":\"en-US\",\"@id\":\"https:\\\/\\\/datos.azuolynobiblioteka.lt\\\/#\\\/schema\\\/logo\\\/image\\\/\",\"url\":\"https:\\\/\\\/datos.azuolynobiblioteka.lt\\\/wp-content\\\/uploads\\\/2024\\\/03\\\/azuolyno_biblioteka_logo_horizontalus_zalias_skaidrus.png\",\"contentUrl\":\"https:\\\/\\\/datos.azuolynobiblioteka.lt\\\/wp-content\\\/uploads\\\/2024\\\/03\\\/azuolyno_biblioteka_logo_horizontalus_zalias_skaidrus.png\",\"width\":1200,\"height\":521,\"caption\":\"Kauno apskrities vie\u0161oji \u0104\u017euolyno biblioteka\"},\"image\":{\"@id\":\"https:\\\/\\\/datos.azuolynobiblioteka.lt\\\/#\\\/schema\\\/logo\\\/image\\\/\"}}]}<\/script>\n<!-- \/ Yoast SEO plugin. -->","yoast_head_json":{"title":"Privacy policy \u2013 Kaunas: dates and facts. Electronic directory","description":"To improve the quality of your browsing experience, we use cookies that you can cancel at any time. Learn more at Privacy policy.","robots":{"index":"index","follow":"follow","max-snippet":"max-snippet:-1","max-image-preview":"max-image-preview:large","max-video-preview":"max-video-preview:-1"},"canonical":"https:\/\/datos.azuolynobiblioteka.lt\/en\/privacy-policy\/","og_locale":"en_US","og_type":"article","og_title":"Privacy policy \u2013 Kaunas: dates and facts. Electronic directory","og_description":"To improve the quality of your browsing experience, we use cookies that you can cancel at any time. Learn more at Privacy policy.","og_url":"https:\/\/datos.azuolynobiblioteka.lt\/en\/privacy-policy\/","og_site_name":"Kauno apskrities vie\u0161oji \u0104\u017euolyno biblioteka","article_modified_time":"2018-10-05T13:36:31+00:00","twitter_card":"summary_large_image","twitter_misc":{"Est. reading time":"1 minute"},"schema":{"@context":"https:\/\/schema.org","@graph":[{"@type":"WebPage","@id":"https:\/\/datos.azuolynobiblioteka.lt\/en\/privacy-policy\/","url":"https:\/\/datos.azuolynobiblioteka.lt\/en\/privacy-policy\/","name":"Privacy policy \u2013 Kaunas: dates and facts. Electronic directory","isPartOf":{"@id":"https:\/\/datos.azuolynobiblioteka.lt\/#website"},"datePublished":"2018-09-10T15:47:01+00:00","dateModified":"2018-10-05T13:36:31+00:00","description":"To improve the quality of your browsing experience, we use cookies that you can cancel at any time. Learn more at Privacy policy.","breadcrumb":{"@id":"https:\/\/datos.azuolynobiblioteka.lt\/en\/privacy-policy\/#breadcrumb"},"inLanguage":"en-US","potentialAction":[{"@type":"ReadAction","target":["https:\/\/datos.azuolynobiblioteka.lt\/en\/privacy-policy\/"]}]},{"@type":"BreadcrumbList","@id":"https:\/\/datos.azuolynobiblioteka.lt\/en\/privacy-policy\/#breadcrumb","itemListElement":[{"@type":"ListItem","position":1,"name":"Home","item":"https:\/\/datos.azuolynobiblioteka.lt\/en\/"},{"@type":"ListItem","position":2,"name":"Privacy policy"}]},{"@type":"WebSite","@id":"https:\/\/datos.azuolynobiblioteka.lt\/#website","url":"https:\/\/datos.azuolynobiblioteka.lt\/","name":"Kauno apskrities vie\u0161oji \u0104\u017euolyno biblioteka","description":"Kauno istorijos datos ir faktai","publisher":{"@id":"https:\/\/datos.azuolynobiblioteka.lt\/#organization"},"potentialAction":[{"@type":"SearchAction","target":{"@type":"EntryPoint","urlTemplate":"https:\/\/datos.azuolynobiblioteka.lt\/?s={search_term_string}"},"query-input":{"@type":"PropertyValueSpecification","valueRequired":true,"valueName":"search_term_string"}}],"inLanguage":"en-US"},{"@type":"Organization","@id":"https:\/\/datos.azuolynobiblioteka.lt\/#organization","name":"Kauno apskrities vie\u0161oji \u0104\u017euolyno biblioteka","url":"https:\/\/datos.azuolynobiblioteka.lt\/","logo":{"@type":"ImageObject","inLanguage":"en-US","@id":"https:\/\/datos.azuolynobiblioteka.lt\/#\/schema\/logo\/image\/","url":"https:\/\/datos.azuolynobiblioteka.lt\/wp-content\/uploads\/2024\/03\/azuolyno_biblioteka_logo_horizontalus_zalias_skaidrus.png","contentUrl":"https:\/\/datos.azuolynobiblioteka.lt\/wp-content\/uploads\/2024\/03\/azuolyno_biblioteka_logo_horizontalus_zalias_skaidrus.png","width":1200,"height":521,"caption":"Kauno apskrities vie\u0161oji \u0104\u017euolyno biblioteka"},"image":{"@id":"https:\/\/datos.azuolynobiblioteka.lt\/#\/schema\/logo\/image\/"}}]}},"_links":{"self":[{"href":"https:\/\/datos.azuolynobiblioteka.lt\/en\/wp-json\/wp\/v2\/pages\/4716","targetHints":{"allow":["GET"]}}],"collection":[{"href":"https:\/\/datos.azuolynobiblioteka.lt\/en\/wp-json\/wp\/v2\/pages"}],"about":[{"href":"https:\/\/datos.azuolynobiblioteka.lt\/en\/wp-json\/wp\/v2\/types\/page"}],"author":[{"embeddable":true,"href":"https:\/\/datos.azuolynobiblioteka.lt\/en\/wp-json\/wp\/v2\/users\/2"}],"replies":[{"embeddable":true,"href":"https:\/\/datos.azuolynobiblioteka.lt\/en\/wp-json\/wp\/v2\/comments?post=4716"}],"version-history":[{"count":2,"href":"https:\/\/datos.azuolynobiblioteka.lt\/en\/wp-json\/wp\/v2\/pages\/4716\/revisions"}],"predecessor-version":[{"id":4755,"href":"https:\/\/datos.azuolynobiblioteka.lt\/en\/wp-json\/wp\/v2\/pages\/4716\/revisions\/4755"}],"wp:attachment":[{"href":"https:\/\/datos.azuolynobiblioteka.lt\/en\/wp-json\/wp\/v2\/media?parent=4716"}],"curies":[{"name":"wp","href":"https:\/\/api.w.org\/{rel}","templated":true}]}}